{"id":477,"date":"2017-02-11T15:59:16","date_gmt":"2017-02-11T13:59:16","guid":{"rendered":"http:\/\/hoffmansontheroad.com\/?page_id=477"},"modified":"2017-05-30T12:06:19","modified_gmt":"2017-05-30T09:06:19","slug":"%d7%a1%d7%9c%d7%95%d7%91%d7%a7%d7%99%d7%94","status":"publish","type":"page","link":"https:\/\/hoffmansontheroad.com\/?page_id=477","title":{"rendered":"\u05e1\u05dc\u05d5\u05d1\u05e7\u05d9\u05d4"},"content":{"rendered":"<p>\u05db\u05d0\u05e9\u05e8 \u05de\u05ea\u05db\u05e0\u05e0\u05d9\u05dd \u05d8\u05d9\u05d5\u05dc \u05d1\u05d7\u05d5\u05d3\u05e9\u05d9\u05dd \u05d1\u05d4\u05dd \u05de\u05d6\u05d2 \u05d4\u05d0\u05d5\u05d5\u05d9\u05e8 \u05d4\u05d5\u05d0 \u05d7\u05d5\u05e8\u05e4\u05d9 \u00a0(\u05e1\u05d5\u05db\u05d5\u05ea 2017) , \u05d5\u05d6\u05d5 \u05d0\u05d9\u05e0\u05d4 \u05e2\u05d5\u05e0\u05ea \u05ea\u05d9\u05d9\u05e8\u05d5\u05ea , \u05d9\u05e9 \u05dc\u05e7\u05d7\u05ea \u05d1\u05d7\u05e9\u05d1\u05d5\u05df \u05d5\u05dc\u05d1\u05d3\u05d5\u05e7 \u05e9\u05d4\u05de\u05e7\u05d5\u05de\u05d5\u05ea \u05d1\u05d4\u05dd \u05e8\u05d5\u05e6\u05d9\u05dd \u05dc\u05d1\u05e7\u05e8 &#8211; \u05e4\u05ea\u05d5\u05d7\u05d9\u05dd \u05d5\u05de\u05e7\u05d1\u05dc\u05d9\u05dd \u05d0\u05d5\u05e8\u05d7\u05d9\u05dd .<\/p>\n<p>\u05d0\u05e0\u05d7\u05e0\u05d5 \u05d0\u05e8\u05d6\u05e0\u05d5 \u05d0\u05ea \u05e2\u05e6\u05de\u05e0\u05d5 \u05d1\u05e6\u05d5\u05e8\u05d4 \u05e1\u05e4\u05d5\u05e0\u05d8\u05e0\u05d9\u05ea \u05dc\u05d7\u05dc\u05d5\u05d8\u05d9\u05df \u05d5\u05e0\u05e1\u05e2\u05e0\u05d5 \u05dc\u05d8\u05d9\u05d5\u05dc \u05e9\u05d5\u05e8\u05e9\u05d9\u05dd \u05d1<strong>\u05e1\u05dc\u05d5\u05d1\u05e7\u05d9\u05d4<\/strong> (\u05e2\u05dd \u05e0\u05d2\u05d9\u05e2\u05d5\u05ea \u05e7\u05dc\u05d5\u05ea \u05d1\u05d4\u05d5\u05e0\u05d2\u05e8\u05d9\u05d4).<\/p>\n<p>\u05d0\u05e4\u05e9\u05e8 \u05dc\u05d4\u05d2\u05d9\u05e2 \u05dc<strong>\u05e1\u05dc\u05d5\u05d1\u05e7\u05d9\u05d4<\/strong>\u00a0\u05d1\u05d8\u05d9\u05e1\u05d4 \u05d9\u05e9\u05d9\u05e8\u05d4\u00a0 (\u05dc\u05e4\u05d9 \u05d3\u05e2\u05ea\u05d9 \u05e8\u05e7 \u05d1\u05e2\u05d5\u05e0\u05ea \u05d4\u05ea\u05d9\u05d9\u05e8\u05d5\u05ea) \u05d0\u05d5 \u05d3\u05e8\u05da \u05d0\u05d7\u05ea \u05de\u05d4\u05de\u05d3\u05d9\u05e0\u05d5\u05ea \u05d4\u05e9\u05db\u05e0\u05d5\u05ea \u00a0, \u05d5\u05d9\u05e0\u05d4 (\u05d0\u05d5\u05e1\u05d8\u05e8\u05d9\u05d4) \u05d0\u05d5 \u05d1\u05d5\u05d3\u05e4\u05e1\u05d8 (\u05d4\u05d5\u05e0\u05d2\u05e8\u05d9\u05d4)<\/p>\n<div id=\"attachment_492\" style=\"width: 160px\" class=\"wp-caption alignright\"><a href=\"http:\/\/hoffmansontheroad.com\/wp-content\/uploads\/2017\/05\/IMG_2201.jpg\"><img loading=\"lazy\" decoding=\"async\" aria-describedby=\"caption-attachment-492\" class=\"wp-image-492 size-thumbnail\" src=\"http:\/\/hoffmansontheroad.com\/wp-content\/uploads\/2017\/05\/IMG_2201-150x150.jpg\" alt=\"\" width=\"150\" height=\"150\" srcset=\"https:\/\/hoffmansontheroad.com\/wp-content\/uploads\/2017\/05\/IMG_2201-150x150.jpg 150w, https:\/\/hoffmansontheroad.com\/wp-content\/uploads\/2017\/05\/IMG_2201-230x230.jpg 230w\" sizes=\"auto, (max-width: 150px) 100vw, 150px\" \/><\/a><p id=\"caption-attachment-492\" class=\"wp-caption-text\">\u05d1\u05d5\u05d3\u05e4\u05e1\u05d8 \u05e2\u05dd \u05d9\u05dc\u05d3\u05d9\u05dd<\/p><\/div>\n<p>\u05d0\u05e0\u05d7\u05e0\u05d5 \u05d8\u05e1\u05e0\u05d5 \u05e2\u05dd \u05d7\u05d1\u05e8\u05ea up \u05dc\u05d1\u05d5\u05d3\u05e4\u05e1\u05d8 (\u05e2\u05e6\u05e8\u05e0\u05d5 \u05dc\u05de\u05e1\u05e4\u05e8 \u05d9\u05de\u05d9\u05dd \u05d1\u05e2\u05d9\u05e8) \u05d5\u05de\u05e9\u05dd \u05d4\u05de\u05e9\u05db\u05e0\u05d5 \u05e2\u05dd \u05e8\u05db\u05d1 \u05dc\u05de\u05e7\u05d5\u05dd \u05d4\u05dc\u05d9\u05e0\u05d4 \u05d1\u05e1\u05dc\u05d5\u05d1\u05e7\u05d9\u05d4 \u05e2\u05d9\u05d9\u05e8\u05d4 \u05d1\u05e9\u05dd \u05dc\u05d9\u05e4\u05d5\u05d1\u05e1\u05e7\u05d9 \u05de\u05d9\u05e7\u05d5\u05dc\u05e9\u00a0(Liptovsk\u00fd Mikul\u00e1\u0161).<a href=\"http:\/\/hoffmansontheroad.com\/?page_id=491&amp;preview=true\">\u05d1\u05d5\u05d3\u05e4\u05e1\u05d8 \u05e2\u05dd \u05d9\u05dc\u05d3\u05d9\u05dd<\/a> &#8211; \u05d8\u05d9\u05e4\u05d9\u05dd \u05dc\u05d1\u05d9\u05dc\u05d5\u05d9\u05d9\u05dd \u05d1\u05e2\u05d9\u05e8 \u05e0\u05d9\u05ea\u05df \u05dc\u05de\u05e6\u05d5\u05d0 <a href=\"http:\/\/hoffmansontheroad.com\/?page_id=491&amp;preview=true\">\u05db\u05d0\u05df<\/a>.<\/p>\n<p>&nbsp;<\/p>\n","protected":false},"excerpt":{"rendered":"<p>\u05db\u05d0\u05e9\u05e8 \u05de\u05ea\u05db\u05e0\u05e0\u05d9\u05dd \u05d8\u05d9\u05d5\u05dc \u05d1\u05d7\u05d5\u05d3\u05e9\u05d9\u05dd \u05d1\u05d4\u05dd \u05de\u05d6\u05d2 \u05d4\u05d0\u05d5\u05d5\u05d9\u05e8 \u05d4\u05d5\u05d0 \u05d7\u05d5\u05e8\u05e4\u05d9 \u00a0(\u05e1\u05d5\u05db\u05d5\u05ea 2017) , \u05d5\u05d6\u05d5 \u05d0\u05d9\u05e0\u05d4 \u05e2\u05d5\u05e0\u05ea \u05ea\u05d9\u05d9\u05e8\u05d5\u05ea , \u05d9\u05e9 \u05dc\u05e7\u05d7\u05ea \u05d1\u05d7\u05e9\u05d1\u05d5\u05df \u05d5\u05dc\u05d1\u05d3\u05d5\u05e7 \u05e9\u05d4\u05de\u05e7\u05d5\u05de\u05d5\u05ea \u05d1\u05d4\u05dd \u05e8\u05d5\u05e6\u05d9\u05dd \u05dc\u05d1\u05e7\u05e8 &#8211; \u05e4\u05ea\u05d5\u05d7\u05d9\u05dd \u05d5\u05de\u05e7\u05d1\u05dc\u05d9\u05dd \u05d0\u05d5\u05e8\u05d7\u05d9\u05dd . \u05d0\u05e0\u05d7\u05e0\u05d5 \u05d0\u05e8\u05d6\u05e0\u05d5 \u05d0\u05ea \u05e2\u05e6\u05de\u05e0\u05d5 \u05d1\u05e6\u05d5\u05e8\u05d4 \u05e1\u05e4\u05d5\u05e0\u05d8\u05e0\u05d9\u05ea \u05dc\u05d7\u05dc\u05d5\u05d8\u05d9\u05df \u05d5\u05e0\u05e1\u05e2\u05e0\u05d5 \u05dc\u05d8\u05d9\u05d5\u05dc \u05e9\u05d5\u05e8\u05e9\u05d9\u05dd&hellip; <\/p>\n","protected":false},"author":1,"featured_media":0,"parent":0,"menu_order":0,"comment_status":"open","ping_status":"closed","template":"","meta":{"footnotes":""},"class_list":["post-477","page","type-page","status-publish","hentry"],"_links":{"self":[{"href":"https:\/\/hoffmansontheroad.com\/index.php?rest_route=\/wp\/v2\/pages\/477","targetHints":{"allow":["GET"]}}],"collection":[{"href":"https:\/\/hoffmansontheroad.com\/index.php?rest_route=\/wp\/v2\/pages"}],"about":[{"href":"https:\/\/hoffmansontheroad.com\/index.php?rest_route=\/wp\/v2\/types\/page"}],"author":[{"embeddable":true,"href":"https:\/\/hoffmansontheroad.com\/index.php?rest_route=\/wp\/v2\/users\/1"}],"replies":[{"embeddable":true,"href":"https:\/\/hoffmansontheroad.com\/index.php?rest_route=%2Fwp%2Fv2%2Fcomments&post=477"}],"version-history":[{"count":6,"href":"https:\/\/hoffmansontheroad.com\/index.php?rest_route=\/wp\/v2\/pages\/477\/revisions"}],"predecessor-version":[{"id":497,"href":"https:\/\/hoffmansontheroad.com\/index.php?rest_route=\/wp\/v2\/pages\/477\/revisions\/497"}],"wp:attachment":[{"href":"https:\/\/hoffmansontheroad.com\/index.php?rest_route=%2Fwp%2Fv2%2Fmedia&parent=477"}],"curies":[{"name":"wp","href":"https:\/\/api.w.org\/{rel}","templated":true}]}}